{"id":150,"date":"2022-01-31T08:27:31","date_gmt":"2022-01-31T07:27:31","guid":{"rendered":"http:\/\/neu.annaflorin.ch\/startseite\/"},"modified":"2026-04-05T22:26:28","modified_gmt":"2026-04-05T20:26:28","slug":"startseite","status":"publish","type":"page","link":"https:\/\/annaflorin.ch\/de\/","title":{"rendered":"Startseite DE"},"content":{"rendered":"","protected":false},"excerpt":{"rendered":"","protected":false},"author":1,"featured_media":0,"parent":0,"menu_order":0,"comment_status":"closed","ping_status":"closed","template":"","meta":{"_acf_changed":false,"_seopress_robots_primary_cat":"","_seopress_titles_title":"Anna Florin \u2013 F\u00fcr bl\u00fchende D\u00f6rfer","_seopress_titles_desc":"Der Verein Anna Florin ermutigt und unterst\u00fctzt die Gemeinden im Unterengadin, dem Druck des Zweitwohnungs-Immobilienmarkts entgegenzuwirken.","_seopress_robots_index":"","footnotes":""},"class_list":["post-150","page","type-page","status-publish","hentry"],"acf":[],"_links":{"self":[{"href":"https:\/\/annaflorin.ch\/de\/wp-json\/wp\/v2\/pages\/150"}],"collection":[{"href":"https:\/\/annaflorin.ch\/de\/wp-json\/wp\/v2\/pages"}],"about":[{"href":"https:\/\/annaflorin.ch\/de\/wp-json\/wp\/v2\/types\/page"}],"author":[{"embeddable":true,"href":"https:\/\/annaflorin.ch\/de\/wp-json\/wp\/v2\/users\/1"}],"replies":[{"embeddable":true,"href":"https:\/\/annaflorin.ch\/de\/wp-json\/wp\/v2\/comments?post=150"}],"version-history":[{"count":234,"href":"https:\/\/annaflorin.ch\/de\/wp-json\/wp\/v2\/pages\/150\/revisions"}],"predecessor-version":[{"id":929,"href":"https:\/\/annaflorin.ch\/de\/wp-json\/wp\/v2\/pages\/150\/revisions\/929"}],"wp:attachment":[{"href":"https:\/\/annaflorin.ch\/de\/wp-json\/wp\/v2\/media?parent=150"}],"curies":[{"name":"wp","href":"https:\/\/api.w.org\/{rel}","templated":true}]}}